{"id":19,"date":"2018-09-19T16:27:40","date_gmt":"2018-09-19T14:27:40","guid":{"rendered":"http:\/\/lekkiepiora.pl\/?page_id=19"},"modified":"2020-05-15T11:22:41","modified_gmt":"2020-05-15T09:22:41","slug":"po-co-ten-blog","status":"publish","type":"page","link":"http:\/\/lekkiepiora.pl\/?page_id=19","title":{"rendered":"Po co ten blog?"},"content":{"rendered":"<p>Do czego naszym dzieciom i naszym nastolatkom potrzebne s\u0105 lekkie pi\u00f3ra? Do tego, \u017ceby umia\u0142y lata\u0107\u2026 \u017beby rozwija\u0142y swoj\u0105 wyobra\u017ani\u0119, kt\u00f3ra otworzy przed nimi niezmierzone przestrzenie kreatywno\u015bci. Wyobra\u017ania, wbrew pozorom, nie pozwala tylko na ucieczk\u0119 od rzeczywisto\u015bci, gdy jest nam \u017ale (chocia\u017c i to jest czasami potrzebne), ale pozwala t\u0119 rzeczywisto\u015b\u0107 kreowa\u0107, pozwala wyj\u015b\u0107 poza szablony i ramy, dostosowa\u0107 j\u0105 do siebie i znajdowa\u0107 nie zawsze oczywiste, a cz\u0119sto proste rozwi\u0105zania. Tak\u0105 umiej\u0119tno\u015b\u0107 dostaje ka\u017cde dziecko z chwil\u0105, gdy przychodzi na \u015bwiat, a potem go poznaje i pr\u00f3buje oswoi\u0107. Czasami jednak my, rodzice, oswajamy go a\u017c za bardzo, zabieraj\u0105c t\u0119 wrodzon\u0105 lekko\u015b\u0107 wiary w to, \u017ce wszystko b\u0119dzie dobrze, sprowadzaj\u0105c na ziemi\u0119 nadmiernym praktycyzmem, wyznaczaj\u0105c i nakierowuj\u0105c na cele. Zapominamy przy tym, \u017ce ta droga do celu mo\u017ce by\u0107 przyjemna i inspiruj\u0105ca lub wyboista i nudna. Stawiamy wi\u0119c kolejne wymagania, podnosimy poprzeczki, zapisujemy na kolejne zaj\u0119cia. I nagle orientujemy si\u0119, \u017ce nasze dziecko sta\u0142o si\u0119 odtw\u00f3rcze, ucieka przed ekran tabletu \u2013 nie do\u015bwiadcza \u015bwiata, ale go ogl\u0105da. Wtedy\u2026 zapisujemy je na zaj\u0119cia z tw\u00f3rczego dzia\u0142ania. Uczy si\u0119 wi\u0119c mozolnie pozornie nowej umiej\u0119tno\u015bci, kt\u00f3rej zal\u0105\u017cek ju\u017c w nim drzema\u0142, ale wtedy wydawa\u0142a si\u0119 nam niepraktyczna\u2026 \ud83d\ude41<\/p>\n<p>Tymczasem tak ceniona obecnie kreatywno\u015b\u0107 to nic innego tylko wiara, \u017ce si\u0119 uda w po\u0142\u0105czeniu z potrzeb\u0105 obserwacji \u015bwiata i umiej\u0119tno\u015bci\u0105 wyci\u0105gania wniosk\u00f3w oraz spor\u0105 dawk\u0105 wyobra\u017ani. T\u0119 wyobra\u017ani\u0119 dzieci i m\u0142odzie\u017c rozwijaj\u0105 poprzez obcowanie ze sztuk\u0105 \u2013 literatur\u0105, muzyk\u0105 i sztukami plastycznymi. Najpierw poznaj\u0105 muzyk\u0119 &#8211; t\u0119 prawdziw\u0105 i t\u0119 z intonacji s\u0142\u00f3w szeptanych nad \u0142\u00f3\u017ceczkiem, potem zachwycaj\u0105 si\u0119 obrazami i poznaj\u0105 barwy \u015bwiata. Gdy zaczynaj\u0105 go eksplorowa\u0107, czerpi\u0105 ze s\u0142\u00f3w snutych przez rodzic\u00f3w i dziadk\u00f3w opowie\u015bci lub czytanych im na g\u0142os ksi\u0105\u017cek. Nareszcie sami graj\u0105, \u015bpiewaj\u0105, ta\u0144cz\u0105, maluj\u0105, pisz\u0105 i czytaj\u0105\u2026<\/p>\n<p>Znana wszystkim bajka o Czerwonym Kapturku nie tylko uczy, \u017ce trzeba s\u0142ucha\u0107 mamy, ale pozwala dziecku zbudowa\u0107 \u201eoczami duszy\u201d \u015bwiat, w kt\u00f3rym ta historia si\u0119 rozgrywa. Pozwala dziecku na bezpieczne eksperymentowanie w wyobra\u017ani, co \u201eja bym zrobi\u0142, gdybym znalaz\u0142 si\u0119 w takiej sytuacji?\u201d I cho\u0107 pewnie pomys\u0142y na to zachowanie s\u0105 ma\u0142o realne, bo przecie\u017c \u201eju\u017c ja bym temu wilkowi pokaza\u0142!\u201d, to jednak ucz\u0105 wiary we w\u0142asne mo\u017cliwo\u015bci, buduj\u0105 przekonanie, \u017ce potrafi\u0119 sam sobie da\u0107 rad\u0119.<\/p>\n<p>Nie b\u00f3jmy si\u0119 tego. Dziecko i tak nauczy si\u0119 praktycznego podej\u015bcia do \u017cycia, nie raz los sprowadzi go przecie\u017c na ziemi\u0119. Realizm i racjonalizm i tak je dopadn\u0105. Pami\u0119tajmy jednak, \u017ce z lataniem jest jak z jazd\u0105 na rowerze \u2013 kto raz si\u0119 nauczy, b\u0119dzie umia\u0142 zawsze\u2026 Czasami trzeba tylko sobie przypomnie\u0107. A my \u2013 doro\u015bli &#8211; dobrze wiemy, jak bardzo by nam si\u0119 teraz przyda\u0142a cho\u0107 odrobina tej zdolno\u015bci. Mo\u017ce warto \u2013 dla dziecka i razem z dzieckiem.<\/p>\n<p>Kiedy moja starsza c\u00f3rka by\u0142a we wczesnym wieku szkolnym i rozpocz\u0119\u0142a samodzielne czytanie przed snem, wszystkie ksi\u0105\u017cki, kt\u00f3re czyta\u0142a, czyta\u0142am i ja. Pod\u015bwiadomie wiedzia\u0142am, jakie to wa\u017cne, co dziecko czyta i tym samym co kszta\u0142tuje jego osobowo\u015b\u0107. A przecie\u017c moja znajomo\u015b\u0107 literatury dzieci\u0119cej zako\u0144czy\u0142a si\u0119 dawno temu, kiedy to przerzuci\u0142am si\u0119 na t\u0119 dla doros\u0142ych. Od tego czasu pojawi\u0142o si\u0119 wiele nowych pozycji, a wiele z tych starszych \u2013 niestety \u2013 zapomnia\u0142am. Chcia\u0142am by\u0107 jednak dla niej partnerk\u0105 do rozmowy, do wymiany refleksji po lekturze. I tak rozpocz\u0105\u0142 si\u0119 m\u00f3j literacki powr\u00f3t do czas\u00f3w dzieci\u0119cych, kt\u00f3ry trwa do dzi\u015b &#8211; tyle \u017ce zmieni\u0142am rozm\u00f3wczyni\u0119, bo t\u0119 rol\u0119 przej\u0119\u0142a moja m\u0142odsza c\u00f3rka. I uwierzcie mi &#8211; naprawd\u0119 mo\u017cna fajnie pogada\u0107 o literaturze z 12-latkiem! Spostrze\u017cenia potrafi\u0105 zaskoczy\u0107, poziom wra\u017cliwo\u015bci \u2013 zawstydzi\u0107 a pami\u0119\u0107\u2026 &#8211; to lepiej przemilcze\u0107, bo nigdy jej nie dor\u00f3wnamy. Trzeba tylko wiedzie\u0107 o czym si\u0119 rozmawia. \ud83d\ude09<\/p>\n<p>Dlatego w\u0142a\u015bnie na moim blogu znajdziecie recenzje ksi\u0105\u017cek dla dzieci i m\u0142odzie\u017cy, kilka gotowych tekst\u00f3w, kt\u00f3re b\u0119dziecie mogli im przeczyta\u0107 lub da\u0107 do pos\u0142uchania oraz gar\u015b\u0107 przemy\u015ble\u0144, o kt\u00f3rych b\u0119dziemy mogli wsp\u00f3lnie podyskutowa\u0107. Mam nadziej\u0119, \u017ce uda mi si\u0119 stworzy\u0107 miejsce, kt\u00f3re dzi\u0119ki nam \u2013 rodzicom &#8211; pomo\u017ce naszym dzieciom lata\u0107\u2026 &#8211; rozwija\u0107 wyobra\u017ani\u0119, wyra\u017ca\u0107 siebie, radzi\u0107 sobie z emocjami oraz ogl\u0105da\u0107 \u015bwiat z wysoko\u015bci, gdzie horyzont nie jest ograniczeniem, ale obietnic\u0105 nowych perspektyw. \ud83d\ude42<\/p>\n<p>Serdecznie zapraszam!<\/p>\n","protected":false},"excerpt":{"rendered":"<p>Do czego naszym dzieciom i naszym nastolatkom potrzebne s\u0105 lekkie pi\u00f3ra? Do tego, \u017ceby umia\u0142y lata\u0107\u2026 \u017beby rozwija\u0142y swoj\u0105 wyobra\u017ani\u0119, kt\u00f3ra otworzy przed nimi niezmierzone przestrzenie kreatywno\u015bci. Wyobra\u017ania, wbrew pozorom, nie pozwala tylko na ucieczk\u0119 od rzeczywisto\u015bci, gdy jest nam \u017ale (chocia\u017c i to jest czasami potrzebne), ale pozwala t\u0119 rzeczywisto\u015b\u0107 kreowa\u0107, pozwala wyj\u015b\u0107 poza &hellip; <a href=\"http:\/\/lekkiepiora.pl\/?page_id=19\" class=\"more-link\">Czytaj dalej<span class=\"screen-reader-text\"> Po co ten blog?<\/span><\/a><\/p>\n","protected":false},"author":1,"featured_media":0,"parent":0,"menu_order":0,"comment_status":"closed","ping_status":"closed","template":"","meta":[],"_links":{"self":[{"href":"http:\/\/lekkiepiora.pl\/index.php?rest_route=\/wp\/v2\/pages\/19"}],"collection":[{"href":"http:\/\/lekkiepiora.pl\/index.php?rest_route=\/wp\/v2\/pages"}],"about":[{"href":"http:\/\/lekkiepiora.pl\/index.php?rest_route=\/wp\/v2\/types\/page"}],"author":[{"embeddable":true,"href":"http:\/\/lekkiepiora.pl\/index.php?rest_route=\/wp\/v2\/users\/1"}],"replies":[{"embeddable":true,"href":"http:\/\/lekkiepiora.pl\/index.php?rest_route=%2Fwp%2Fv2%2Fcomments&post=19"}],"version-history":[{"count":3,"href":"http:\/\/lekkiepiora.pl\/index.php?rest_route=\/wp\/v2\/pages\/19\/revisions"}],"predecessor-version":[{"id":653,"href":"http:\/\/lekkiepiora.pl\/index.php?rest_route=\/wp\/v2\/pages\/19\/revisions\/653"}],"wp:attachment":[{"href":"http:\/\/lekkiepiora.pl\/index.php?rest_route=%2Fwp%2Fv2%2Fmedia&parent=19"}],"curies":[{"name":"wp","href":"https:\/\/api.w.org\/{rel}","templated":true}]}}