{"id":15,"date":"2018-09-19T16:10:26","date_gmt":"2018-09-19T14:10:26","guid":{"rendered":"http:\/\/lekkiepiora.pl\/?page_id=15"},"modified":"2020-06-24T12:20:34","modified_gmt":"2020-06-24T10:20:34","slug":"malgorzata-polec-rozbicka","status":"publish","type":"page","link":"http:\/\/lekkiepiora.pl\/?page_id=15","title":{"rendered":"Ma\u0142gorzata Po\u0142e\u0107-Rozbicka"},"content":{"rendered":"<p style=\"text-align: left;\"><img loading=\"lazy\" class=\"size-medium wp-image-16 alignleft\" src=\"http:\/\/lekkiepiora.pl\/wp-content\/uploads\/2018\/09\/Profilowe-278x300.jpg\" alt=\"\" width=\"278\" height=\"300\" \/>Nazywam si\u0119 Ma\u0142gorzata Po\u0142e\u0107-Rozbicka. Jestem absolwentk\u0105 studi\u00f3w magisterskich na Wydziale Polonistyki Uniwersytetu Warszawskiego oraz Podyplomowych Studi\u00f3w z Filozofii i Etyki na Wydziale Filozofii i Socjologii tej samej uczelni. Uko\u0144czy\u0142am r\u00f3wnie\u017c podyplomowe studia logopedyczne i dziennikarskie. Przez lata swoj\u0105 aktywno\u015b\u0107 zawodow\u0105 budowa\u0142am wok\u00f3\u0142 szeroko poj\u0119tego \u201es\u0142owa\u201d. Trudni\u0142am si\u0119 komunikacj\u0105 spo\u0142eczn\u0105, redakcj\u0105 i prac\u0105 nad rozwojem mowy u dzieci. Aktualnie zajmuj\u0119 si\u0119 literatur\u0105 dla dzieci i m\u0142odzie\u017cy oraz ucz\u0119 etyki.<\/p>\n<p style=\"text-align: left;\">Jestem wsp\u00f3\u0142autork\u0105 opowiada\u0144 dla dzieci o frazeologizmach w j\u0119zyku polskim pt. \u201eIle prawdy w powiedzonkach o zwierz\u0105tkach?\u201d (Pr\u00f3szy\u0144ski i S-ka, 2015 rok).<\/p>\n","protected":false},"excerpt":{"rendered":"<p>Nazywam si\u0119 Ma\u0142gorzata Po\u0142e\u0107-Rozbicka. Jestem absolwentk\u0105 studi\u00f3w magisterskich na Wydziale Polonistyki Uniwersytetu Warszawskiego oraz Podyplomowych Studi\u00f3w z Filozofii i Etyki na Wydziale Filozofii i Socjologii tej samej uczelni. Uko\u0144czy\u0142am r\u00f3wnie\u017c podyplomowe studia logopedyczne i dziennikarskie. Przez lata swoj\u0105 aktywno\u015b\u0107 zawodow\u0105 budowa\u0142am wok\u00f3\u0142 szeroko poj\u0119tego \u201es\u0142owa\u201d. Trudni\u0142am si\u0119 komunikacj\u0105 spo\u0142eczn\u0105, redakcj\u0105 i prac\u0105 nad rozwojem mowy &hellip; <a href=\"http:\/\/lekkiepiora.pl\/?page_id=15\" class=\"more-link\">Czytaj dalej<span class=\"screen-reader-text\"> Ma\u0142gorzata Po\u0142e\u0107-Rozbicka<\/span><\/a><\/p>\n","protected":false},"author":1,"featured_media":0,"parent":0,"menu_order":0,"comment_status":"closed","ping_status":"closed","template":"","meta":[],"_links":{"self":[{"href":"http:\/\/lekkiepiora.pl\/index.php?rest_route=\/wp\/v2\/pages\/15"}],"collection":[{"href":"http:\/\/lekkiepiora.pl\/index.php?rest_route=\/wp\/v2\/pages"}],"about":[{"href":"http:\/\/lekkiepiora.pl\/index.php?rest_route=\/wp\/v2\/types\/page"}],"author":[{"embeddable":true,"href":"http:\/\/lekkiepiora.pl\/index.php?rest_route=\/wp\/v2\/users\/1"}],"replies":[{"embeddable":true,"href":"http:\/\/lekkiepiora.pl\/index.php?rest_route=%2Fwp%2Fv2%2Fcomments&post=15"}],"version-history":[{"count":11,"href":"http:\/\/lekkiepiora.pl\/index.php?rest_route=\/wp\/v2\/pages\/15\/revisions"}],"predecessor-version":[{"id":667,"href":"http:\/\/lekkiepiora.pl\/index.php?rest_route=\/wp\/v2\/pages\/15\/revisions\/667"}],"wp:attachment":[{"href":"http:\/\/lekkiepiora.pl\/index.php?rest_route=%2Fwp%2Fv2%2Fmedia&parent=15"}],"curies":[{"name":"wp","href":"https:\/\/api.w.org\/{rel}","templated":true}]}}